{"id":8,"date":"2022-08-22T13:52:34","date_gmt":"2022-08-22T13:52:34","guid":{"rendered":"https:\/\/www.artalli.fi\/artalli\/front-page\/"},"modified":"2022-09-09T15:31:56","modified_gmt":"2022-09-09T12:31:56","slug":"front-page","status":"publish","type":"page","link":"https:\/\/www.artalli.fi\/artalli\/","title":{"rendered":"Etusivu"},"content":{"rendered":"<h1>Tilausravintola Artalli<\/h1>\n<p>Herkullista ruokaa, kokous- ja juhlatilat, rantasauna paljuineen, sek\u00e4 ohjelmapalvelut kalastuksen, veneilyn ja kokkauksen parissa. Kaikki t\u00e4m\u00e4 j\u00e4rven rannalla, luonnonrauhan keskell\u00e4 ja vain 40 km Helsingist\u00e4.<\/p>\n<p>Artallin tilat<br \/>\nVaraamme aina kaikki tilat kunkin ryhm\u00e4n yksityisk\u00e4ytt\u00f6\u00f6n!<br \/>\nArtalli on kokonaisuus joka muodostuu n 3 hetaarin pihapiirist\u00e4 upeissa luonnorauhaisissa maisemissa, Viktr\u00e4sk j\u00e4rven rannalla Pikkalassa.<\/p>\n<p>Itse tilausravintola on vanhaan talliin entis\u00f6ity tila, jossa vanhat hirsisein\u00e4t ja takka luovat tunnelmaa ruokasaliin. Ruokasalin yhteydess\u00e4, kes\u00e4aikaan k\u00e4yt\u00e4nn\u00f6ss\u00e4 yhten\u00e4isen tilan muodostaa iso katettu terassi, josta avautuu upeat maisemat j\u00e4rvelle. Lis\u00e4ksi kivetetty ulkoterassi kalusteineen.<br \/>\nYlisten kokous- ja juhlatila muuntuu tilaisuuksien mukaan kokoustilasta, vaikka tanssilattiaksi ja baariksi illan viettoa varten.<br \/>\nRantasauna paljuineen on t\u00e4ysin luonnon ymp\u00e4r\u00f6im\u00e4 ja viereisill\u00e4 nurmikentill\u00e4 voi pelailla pihapelej\u00e4, joita l\u00f6ytyy runsaasti vieraidemme vapaaseen k\u00e4ytt\u00f6\u00f6n.<br \/>\nMoneen taipuvat tilat toimivat loistavasti 10-20 hengen yritystapahtumiin, asiakastilaisuuksiin, kokous- ja virkistysp\u00e4iviin, jne.<br \/>\nMy\u00f6s isommat 20-50 hengen yritysjuhlat, sek\u00e4 h\u00e4\u00e4juhlat n 80 henkeen asti onnistuvat tiloissamme.<\/p>\n<p>Tilausravintola Artalli. Vain onnistuneita tilaisuuksia jo vuodesta 2004.<\/p>\n<h2><strong>Rakkaudella valmistettua, rehellist\u00e4 ja herkullista ruokaa, kaikkiin tilaisuuksiin!<\/strong><\/h2>\n<p>Vapaaherranel\u00e4m\u00e4\u00e4 \/ Henrik Rehbinder tiimeineen loihtii suussa sulavia herkkuja toiveiden mukaan, aamiaisesta usean ruokalajin istuviin illalisiin, retkiev\u00e4ist\u00e4 saariston tulilla valmistettuun kalasoppaan p\u00e4iv\u00e4n saaliista, aina notkuviin noutop\u00f6ytiin isommallekin juhlav\u00e4elle.<br \/>\nKaikki ruoka tehd\u00e4\u00e4n k\u00e4sity\u00f6n\u00e4 omassa keitti\u00f6ss\u00e4, tinkim\u00e4tt\u00f6m\u00e4ll\u00e4 ammattitaidolla &amp; rakkaudella, joten kaikki toiveet ruokailuiden suhteen on toteutettavissa!<\/p>\n<p>Tunnelmakuvia p\u00e4\u00e4set katsomaan Facebookin puolelta\u00a0<a href=\"https:\/\/www.facebook.com\/artalli.fi\/photos\/\" target=\"_blank\" rel=\"noopener\">t\u00e4st\u00e4<\/a>.<\/p>\n<h2><strong>Ohjelmaa kokousp\u00e4iviin ja muihin yritystilaisuuksiin<\/strong><\/h2>\n<p>Henkil\u00f6kunnan virkistys-, tyky ja tyhyp\u00e4ivien ohjelmaksi, kokousp\u00e4ivien piristykseksi tai yritysvieraiden viihdykkeeksi sopii loistavasti vesill\u00e4 vietetty hetki. T\u00e4h\u00e4n Artallin ainutlaatuinen sijainti Natura-vesist\u00f6jen \u00e4\u00e4rell\u00e4, sek\u00e4 isoin aluksemme Hauki tarjoavat huikeat mahdollisuudet. Jo puolentoista tunnin mittaisella pyr\u00e4hdyksell\u00e4 ehdit\u00e4\u00e4n ihastelemaan Suomen kauneimpia vesist\u00f6j\u00e4 niin j\u00e4rvell\u00e4, joella kuin merell\u00e4kin!<\/p>\n<p>Pidemmill\u00e4 retkill\u00e4 voimme k\u00e4yd\u00e4 upealla Porkkalan majakalla katsomassa hylje-yhdyskunnan puuhia ja pys\u00e4hty\u00e4 saaristoon nauttimaan tulilla valmistettuja herkkuja.<\/p>\n<p>Palvelutuotantomme sis\u00e4lt\u00e4\u00e4 mm. seuraavia ohjelmia.<\/p>\n<div class=\"su-list\">\n<ul>\n<li><i class=\"sui sui-star\"><\/i>Kalastus- ja veneilyretket j\u00e4rvelle- joelle ja merelle yhdell\u00e4 kertaa!<\/li>\n<li><i class=\"sui sui-star\"><\/i>Isoille ryhmille hauskat ongintakilpailut max 50 hl\u00f6<\/li>\n<li><i class=\"sui sui-star\"><\/i>Pilkkiretket talvisin, my\u00f6s m\u00f6nkij\u00e4 &amp; moottorikelkka<\/li>\n<li><i class=\"sui sui-star\"><\/i>Kalan k\u00e4sittely-\/ kokkikoulut<\/li>\n<li><i class=\"sui sui-star\"><\/i>Sienestys ja marjastusretket kes\u00e4-syksy<\/li>\n<li><i class=\"sui sui-star\"><\/i>Pihapelit ja n\u00e4ist\u00e4 rakennettavat tiimikisat. Talvisin j\u00e4\u00e4ll\u00e4\/ hangessa vastaavat.<\/li>\n<li><i class=\"sui sui-star\"><\/i>Pallogrillauskilpailut 20-50 hengen ryhmille<\/li>\n<\/ul>\n<p><img loading=\"lazy\" decoding=\"async\" class=\"alignnone  wp-image-182\" src=\"https:\/\/www.artalli.fi\/artalli\/wp-content\/uploads\/2022\/09\/Artalli_photos_tilakuva.jpg\" alt=\"\" width=\"800\" height=\"449\" srcset=\"https:\/\/www.artalli.fi\/artalli\/wp-content\/uploads\/2022\/09\/Artalli_photos_tilakuva.jpg 1920w, https:\/\/www.artalli.fi\/artalli\/wp-content\/uploads\/2022\/09\/Artalli_photos_tilakuva-300x168.jpg 300w, https:\/\/www.artalli.fi\/artalli\/wp-content\/uploads\/2022\/09\/Artalli_photos_tilakuva-1024x575.jpg 1024w, https:\/\/www.artalli.fi\/artalli\/wp-content\/uploads\/2022\/09\/Artalli_photos_tilakuva-768x431.jpg 768w, https:\/\/www.artalli.fi\/artalli\/wp-content\/uploads\/2022\/09\/Artalli_photos_tilakuva-1536x862.jpg 1536w\" sizes=\"auto, (max-width: 800px) 100vw, 800px\" \/><\/p>\n<\/div>\n<p><strong><a href=\"https:\/\/www.google.com\/maps\/place\/Artalli+,+tilausravintola+kokous-+ja+saunatiloilla\/@60.1273231,24.2763368,15.25z\/data=!4m5!3m4!1s0x0:0x6997a1dde3c8740b!8m2!3d60.1267977!4d24.2777982\" target=\"_blank\" rel=\"noopener\">Artalli ja Vapaaherranel\u00e4m\u00e4\u00e4 tapahtumakeskus. Elvvikintie 16, 02580 Siuntio<\/a>.<\/strong><\/p>\n<p><a href=\"https:\/\/www.artalli.fi\/artalli\/tarjouspyynto\/\">Ota yhteytt\u00e4!<\/a><\/p>\n","protected":false},"excerpt":{"rendered":"<p>Tilausravintola Artalli Herkullista ruokaa, kokous- ja juhlatilat, rantasauna paljuineen, sek\u00e4 ohjelmapalvelut kalastuksen, veneilyn ja kokkauksen parissa. Kaikki t\u00e4m\u00e4 j\u00e4rven rannalla, &hellip; <a href=\"https:\/\/www.artalli.fi\/artalli\/\" class=\"more-link\">Continue reading <span class=\"screen-reader-text\">Etusivu<\/span><\/a><\/p>\n","protected":false},"author":1,"featured_media":0,"parent":0,"menu_order":0,"comment_status":"closed","ping_status":"closed","template":"page-templates\/template-home.php","meta":{"_crdt_document":"","footnotes":""},"class_list":["post-8","page","type-page","status-publish","hentry"],"yoast_head":"<!-- This site is optimized with the Yoast SEO plugin v27.5 - https:\/\/yoast.com\/product\/yoast-seo-wordpress\/ -->\n<title>Etusivu - Artalli<\/title>\n<meta name=\"description\" content=\"Tilausravintola ArtalliHerkullista ruokaa, kokous- ja juhlatilat, rantasauna paljuineen, sek\u00e4 ohjelmapalvelut kalastuksen, veneilyn ja kokkauksen parissa. Kaikki t\u00e4m\u00e4 j\u00e4rven rannalla, luonnonrauhan keskell\u00e4 ja vain 40 km Helsingist\u00e4.Artallin tilatVaraamme aina kaikki tilat kunkin ryhm\u00e4n yksityisk\u00e4ytt\u00f6\u00f6n!Artalli on kokonaisuus joka muodostuu n 3 hetaarin pihapiirist\u00e4 upeissa luonnorauhaisissa maisemissa, Viktr\u00e4sk j\u00e4rven rannalla Pikkalassa.Itse tilausravintola on vanhaan talliin entis\u00f6ity tila, jossa vanhat hirsisein\u00e4t ja takka luovat tunnelmaa ruokasaliin. Ruokasalin yhteydess\u00e4, kes\u00e4aikaan k\u00e4yt\u00e4nn\u00f6ss\u00e4 yhten\u00e4isen tilan muodostaa iso katettu terassi, josta avautuu upeat maisemat j\u00e4rvelle. Lis\u00e4ksi kivetetty ulkoterassi kalusteineen.Ylisten kokous- ja juhlatila muuntuu tilaisuuksien mukaan kokoustilasta, vaikka tanssilattiaksi ja baariksi illan viettoa varten.Rantasauna paljuineen on t\u00e4ysin luonnon ymp\u00e4r\u00f6im\u00e4 ja viereisill\u00e4 nurmikentill\u00e4 voi pelailla pihapelej\u00e4, joita l\u00f6ytyy runsaasti vieraidemme vapaaseen k\u00e4ytt\u00f6\u00f6n.Moneen taipuvat tilat toimivat loistavasti 10-20 hengen yritystapahtumiin, asiakastilaisuuksiin, kokous- ja virkistysp\u00e4iviin, jne.My\u00f6s isommat 20-50 hengen yritysjuhlat, sek\u00e4 h\u00e4\u00e4juhlat n 80 henkeen asti onnistuvat tiloissamme.Tilausravintola Artalli. Vain onnistuneita tilaisuuksia jo vuodesta 2004. Ota yhteytt\u00e4!\" \/>\n<meta name=\"robots\" content=\"index, follow, max-snippet:-1, max-image-preview:large, max-video-preview:-1\" \/>\n<link rel=\"canonical\" href=\"https:\/\/www.artalli.fi\/artalli\/\" \/>\n<meta property=\"og:locale\" content=\"en_US\" \/>\n<meta property=\"og:type\" content=\"article\" \/>\n<meta property=\"og:title\" content=\"Etusivu - Artalli\" \/>\n<meta property=\"og:description\" content=\"Tilausravintola ArtalliHerkullista ruokaa, kokous- ja juhlatilat, rantasauna paljuineen, sek\u00e4 ohjelmapalvelut kalastuksen, veneilyn ja kokkauksen parissa. Kaikki t\u00e4m\u00e4 j\u00e4rven rannalla, luonnonrauhan keskell\u00e4 ja vain 40 km Helsingist\u00e4.Artallin tilatVaraamme aina kaikki tilat kunkin ryhm\u00e4n yksityisk\u00e4ytt\u00f6\u00f6n!Artalli on kokonaisuus joka muodostuu n 3 hetaarin pihapiirist\u00e4 upeissa luonnorauhaisissa maisemissa, Viktr\u00e4sk j\u00e4rven rannalla Pikkalassa.Itse tilausravintola on vanhaan talliin entis\u00f6ity tila, jossa vanhat hirsisein\u00e4t ja takka luovat tunnelmaa ruokasaliin. Ruokasalin yhteydess\u00e4, kes\u00e4aikaan k\u00e4yt\u00e4nn\u00f6ss\u00e4 yhten\u00e4isen tilan muodostaa iso katettu terassi, josta avautuu upeat maisemat j\u00e4rvelle. Lis\u00e4ksi kivetetty ulkoterassi kalusteineen.Ylisten kokous- ja juhlatila muuntuu tilaisuuksien mukaan kokoustilasta, vaikka tanssilattiaksi ja baariksi illan viettoa varten.Rantasauna paljuineen on t\u00e4ysin luonnon ymp\u00e4r\u00f6im\u00e4 ja viereisill\u00e4 nurmikentill\u00e4 voi pelailla pihapelej\u00e4, joita l\u00f6ytyy runsaasti vieraidemme vapaaseen k\u00e4ytt\u00f6\u00f6n.Moneen taipuvat tilat toimivat loistavasti 10-20 hengen yritystapahtumiin, asiakastilaisuuksiin, kokous- ja virkistysp\u00e4iviin, jne.My\u00f6s isommat 20-50 hengen yritysjuhlat, sek\u00e4 h\u00e4\u00e4juhlat n 80 henkeen asti onnistuvat tiloissamme.Tilausravintola Artalli. Vain onnistuneita tilaisuuksia jo vuodesta 2004. Ota yhteytt\u00e4!\" \/>\n<meta property=\"og:url\" content=\"https:\/\/www.artalli.fi\/artalli\/\" \/>\n<meta property=\"og:site_name\" content=\"Artalli\" \/>\n<meta property=\"article:publisher\" content=\"https:\/\/www.facebook.com\/artalli.fi\" \/>\n<meta property=\"article:modified_time\" content=\"2022-09-09T12:31:56+00:00\" \/>\n<meta property=\"og:image\" content=\"https:\/\/www.artalli.fi\/artalli\/wp-content\/uploads\/2022\/09\/Artalli_photos_tilakuva.jpg\" \/>\n<meta name=\"twitter:card\" content=\"summary_large_image\" \/>\n<meta name=\"twitter:label1\" content=\"Est. reading time\" \/>\n\t<meta name=\"twitter:data1\" content=\"2 minutes\" \/>\n<script type=\"application\/ld+json\" class=\"yoast-schema-graph\">{\"@context\":\"https:\\\/\\\/schema.org\",\"@graph\":[{\"@type\":\"WebPage\",\"@id\":\"https:\\\/\\\/www.artalli.fi\\\/artalli\\\/\",\"url\":\"https:\\\/\\\/www.artalli.fi\\\/artalli\\\/\",\"name\":\"Etusivu - Artalli\",\"isPartOf\":{\"@id\":\"https:\\\/\\\/www.artalli.fi\\\/artalli\\\/#website\"},\"primaryImageOfPage\":{\"@id\":\"https:\\\/\\\/www.artalli.fi\\\/artalli\\\/#primaryimage\"},\"image\":{\"@id\":\"https:\\\/\\\/www.artalli.fi\\\/artalli\\\/#primaryimage\"},\"thumbnailUrl\":\"https:\\\/\\\/www.artalli.fi\\\/artalli\\\/wp-content\\\/uploads\\\/2022\\\/09\\\/Artalli_photos_tilakuva.jpg\",\"datePublished\":\"2022-08-22T13:52:34+00:00\",\"dateModified\":\"2022-09-09T12:31:56+00:00\",\"description\":\"Tilausravintola ArtalliHerkullista ruokaa, kokous- ja juhlatilat, rantasauna paljuineen, sek\u00e4 ohjelmapalvelut kalastuksen, veneilyn ja kokkauksen parissa. Kaikki t\u00e4m\u00e4 j\u00e4rven rannalla, luonnonrauhan keskell\u00e4 ja vain 40 km Helsingist\u00e4.Artallin tilatVaraamme aina kaikki tilat kunkin ryhm\u00e4n yksityisk\u00e4ytt\u00f6\u00f6n!Artalli on kokonaisuus joka muodostuu n 3 hetaarin pihapiirist\u00e4 upeissa luonnorauhaisissa maisemissa, Viktr\u00e4sk j\u00e4rven rannalla Pikkalassa.Itse tilausravintola on vanhaan talliin entis\u00f6ity tila, jossa vanhat hirsisein\u00e4t ja takka luovat tunnelmaa ruokasaliin. Ruokasalin yhteydess\u00e4, kes\u00e4aikaan k\u00e4yt\u00e4nn\u00f6ss\u00e4 yhten\u00e4isen tilan muodostaa iso katettu terassi, josta avautuu upeat maisemat j\u00e4rvelle. Lis\u00e4ksi kivetetty ulkoterassi kalusteineen.Ylisten kokous- ja juhlatila muuntuu tilaisuuksien mukaan kokoustilasta, vaikka tanssilattiaksi ja baariksi illan viettoa varten.Rantasauna paljuineen on t\u00e4ysin luonnon ymp\u00e4r\u00f6im\u00e4 ja viereisill\u00e4 nurmikentill\u00e4 voi pelailla pihapelej\u00e4, joita l\u00f6ytyy runsaasti vieraidemme vapaaseen k\u00e4ytt\u00f6\u00f6n.Moneen taipuvat tilat toimivat loistavasti 10-20 hengen yritystapahtumiin, asiakastilaisuuksiin, kokous- ja virkistysp\u00e4iviin, jne.My\u00f6s isommat 20-50 hengen yritysjuhlat, sek\u00e4 h\u00e4\u00e4juhlat n 80 henkeen asti onnistuvat tiloissamme.Tilausravintola Artalli. Vain onnistuneita tilaisuuksia jo vuodesta 2004. Ota yhteytt\u00e4!\",\"breadcrumb\":{\"@id\":\"https:\\\/\\\/www.artalli.fi\\\/artalli\\\/#breadcrumb\"},\"inLanguage\":\"en-US\",\"potentialAction\":[{\"@type\":\"ReadAction\",\"target\":[\"https:\\\/\\\/www.artalli.fi\\\/artalli\\\/\"]}]},{\"@type\":\"ImageObject\",\"inLanguage\":\"en-US\",\"@id\":\"https:\\\/\\\/www.artalli.fi\\\/artalli\\\/#primaryimage\",\"url\":\"https:\\\/\\\/www.artalli.fi\\\/artalli\\\/wp-content\\\/uploads\\\/2022\\\/09\\\/Artalli_photos_tilakuva.jpg\",\"contentUrl\":\"https:\\\/\\\/www.artalli.fi\\\/artalli\\\/wp-content\\\/uploads\\\/2022\\\/09\\\/Artalli_photos_tilakuva.jpg\",\"width\":1920,\"height\":1078},{\"@type\":\"BreadcrumbList\",\"@id\":\"https:\\\/\\\/www.artalli.fi\\\/artalli\\\/#breadcrumb\",\"itemListElement\":[{\"@type\":\"ListItem\",\"position\":1,\"name\":\"Home\",\"item\":\"https:\\\/\\\/www.artalli.fi\\\/artalli\\\/\"},{\"@type\":\"ListItem\",\"position\":2,\"name\":\"Etusivu\"}]},{\"@type\":\"WebSite\",\"@id\":\"https:\\\/\\\/www.artalli.fi\\\/artalli\\\/#website\",\"url\":\"https:\\\/\\\/www.artalli.fi\\\/artalli\\\/\",\"name\":\"Artalli\",\"description\":\"Huikeat puiteet kokousp\u00e4iville ja muille yritystapahtumille!\",\"publisher\":{\"@id\":\"https:\\\/\\\/www.artalli.fi\\\/artalli\\\/#organization\"},\"potentialAction\":[{\"@type\":\"SearchAction\",\"target\":{\"@type\":\"EntryPoint\",\"urlTemplate\":\"https:\\\/\\\/www.artalli.fi\\\/artalli\\\/?s={search_term_string}\"},\"query-input\":{\"@type\":\"PropertyValueSpecification\",\"valueRequired\":true,\"valueName\":\"search_term_string\"}}],\"inLanguage\":\"en-US\"},{\"@type\":\"Organization\",\"@id\":\"https:\\\/\\\/www.artalli.fi\\\/artalli\\\/#organization\",\"name\":\"Artalli\",\"url\":\"https:\\\/\\\/www.artalli.fi\\\/artalli\\\/\",\"logo\":{\"@type\":\"ImageObject\",\"inLanguage\":\"en-US\",\"@id\":\"https:\\\/\\\/www.artalli.fi\\\/artalli\\\/#\\\/schema\\\/logo\\\/image\\\/\",\"url\":\"https:\\\/\\\/www.artalli.fi\\\/artalli\\\/wp-content\\\/uploads\\\/2022\\\/09\\\/Artalli_logo.png\",\"contentUrl\":\"https:\\\/\\\/www.artalli.fi\\\/artalli\\\/wp-content\\\/uploads\\\/2022\\\/09\\\/Artalli_logo.png\",\"width\":135,\"height\":55,\"caption\":\"Artalli\"},\"image\":{\"@id\":\"https:\\\/\\\/www.artalli.fi\\\/artalli\\\/#\\\/schema\\\/logo\\\/image\\\/\"},\"sameAs\":[\"https:\\\/\\\/www.facebook.com\\\/artalli.fi\"]}]}<\/script>\n<!-- \/ Yoast SEO plugin. -->","yoast_head_json":{"title":"Etusivu - Artalli","description":"Tilausravintola ArtalliHerkullista ruokaa, kokous- ja juhlatilat, rantasauna paljuineen, sek\u00e4 ohjelmapalvelut kalastuksen, veneilyn ja kokkauksen parissa. Kaikki t\u00e4m\u00e4 j\u00e4rven rannalla, luonnonrauhan keskell\u00e4 ja vain 40 km Helsingist\u00e4.Artallin tilatVaraamme aina kaikki tilat kunkin ryhm\u00e4n yksityisk\u00e4ytt\u00f6\u00f6n!Artalli on kokonaisuus joka muodostuu n 3 hetaarin pihapiirist\u00e4 upeissa luonnorauhaisissa maisemissa, Viktr\u00e4sk j\u00e4rven rannalla Pikkalassa.Itse tilausravintola on vanhaan talliin entis\u00f6ity tila, jossa vanhat hirsisein\u00e4t ja takka luovat tunnelmaa ruokasaliin. Ruokasalin yhteydess\u00e4, kes\u00e4aikaan k\u00e4yt\u00e4nn\u00f6ss\u00e4 yhten\u00e4isen tilan muodostaa iso katettu terassi, josta avautuu upeat maisemat j\u00e4rvelle. Lis\u00e4ksi kivetetty ulkoterassi kalusteineen.Ylisten kokous- ja juhlatila muuntuu tilaisuuksien mukaan kokoustilasta, vaikka tanssilattiaksi ja baariksi illan viettoa varten.Rantasauna paljuineen on t\u00e4ysin luonnon ymp\u00e4r\u00f6im\u00e4 ja viereisill\u00e4 nurmikentill\u00e4 voi pelailla pihapelej\u00e4, joita l\u00f6ytyy runsaasti vieraidemme vapaaseen k\u00e4ytt\u00f6\u00f6n.Moneen taipuvat tilat toimivat loistavasti 10-20 hengen yritystapahtumiin, asiakastilaisuuksiin, kokous- ja virkistysp\u00e4iviin, jne.My\u00f6s isommat 20-50 hengen yritysjuhlat, sek\u00e4 h\u00e4\u00e4juhlat n 80 henkeen asti onnistuvat tiloissamme.Tilausravintola Artalli. Vain onnistuneita tilaisuuksia jo vuodesta 2004. Ota yhteytt\u00e4!","robots":{"index":"index","follow":"follow","max-snippet":"max-snippet:-1","max-image-preview":"max-image-preview:large","max-video-preview":"max-video-preview:-1"},"canonical":"https:\/\/www.artalli.fi\/artalli\/","og_locale":"en_US","og_type":"article","og_title":"Etusivu - Artalli","og_description":"Tilausravintola ArtalliHerkullista ruokaa, kokous- ja juhlatilat, rantasauna paljuineen, sek\u00e4 ohjelmapalvelut kalastuksen, veneilyn ja kokkauksen parissa. Kaikki t\u00e4m\u00e4 j\u00e4rven rannalla, luonnonrauhan keskell\u00e4 ja vain 40 km Helsingist\u00e4.Artallin tilatVaraamme aina kaikki tilat kunkin ryhm\u00e4n yksityisk\u00e4ytt\u00f6\u00f6n!Artalli on kokonaisuus joka muodostuu n 3 hetaarin pihapiirist\u00e4 upeissa luonnorauhaisissa maisemissa, Viktr\u00e4sk j\u00e4rven rannalla Pikkalassa.Itse tilausravintola on vanhaan talliin entis\u00f6ity tila, jossa vanhat hirsisein\u00e4t ja takka luovat tunnelmaa ruokasaliin. Ruokasalin yhteydess\u00e4, kes\u00e4aikaan k\u00e4yt\u00e4nn\u00f6ss\u00e4 yhten\u00e4isen tilan muodostaa iso katettu terassi, josta avautuu upeat maisemat j\u00e4rvelle. Lis\u00e4ksi kivetetty ulkoterassi kalusteineen.Ylisten kokous- ja juhlatila muuntuu tilaisuuksien mukaan kokoustilasta, vaikka tanssilattiaksi ja baariksi illan viettoa varten.Rantasauna paljuineen on t\u00e4ysin luonnon ymp\u00e4r\u00f6im\u00e4 ja viereisill\u00e4 nurmikentill\u00e4 voi pelailla pihapelej\u00e4, joita l\u00f6ytyy runsaasti vieraidemme vapaaseen k\u00e4ytt\u00f6\u00f6n.Moneen taipuvat tilat toimivat loistavasti 10-20 hengen yritystapahtumiin, asiakastilaisuuksiin, kokous- ja virkistysp\u00e4iviin, jne.My\u00f6s isommat 20-50 hengen yritysjuhlat, sek\u00e4 h\u00e4\u00e4juhlat n 80 henkeen asti onnistuvat tiloissamme.Tilausravintola Artalli. Vain onnistuneita tilaisuuksia jo vuodesta 2004. Ota yhteytt\u00e4!","og_url":"https:\/\/www.artalli.fi\/artalli\/","og_site_name":"Artalli","article_publisher":"https:\/\/www.facebook.com\/artalli.fi","article_modified_time":"2022-09-09T12:31:56+00:00","og_image":[{"url":"https:\/\/www.artalli.fi\/artalli\/wp-content\/uploads\/2022\/09\/Artalli_photos_tilakuva.jpg","type":"","width":"","height":""}],"twitter_card":"summary_large_image","twitter_misc":{"Est. reading time":"2 minutes"},"schema":{"@context":"https:\/\/schema.org","@graph":[{"@type":"WebPage","@id":"https:\/\/www.artalli.fi\/artalli\/","url":"https:\/\/www.artalli.fi\/artalli\/","name":"Etusivu - Artalli","isPartOf":{"@id":"https:\/\/www.artalli.fi\/artalli\/#website"},"primaryImageOfPage":{"@id":"https:\/\/www.artalli.fi\/artalli\/#primaryimage"},"image":{"@id":"https:\/\/www.artalli.fi\/artalli\/#primaryimage"},"thumbnailUrl":"https:\/\/www.artalli.fi\/artalli\/wp-content\/uploads\/2022\/09\/Artalli_photos_tilakuva.jpg","datePublished":"2022-08-22T13:52:34+00:00","dateModified":"2022-09-09T12:31:56+00:00","description":"Tilausravintola ArtalliHerkullista ruokaa, kokous- ja juhlatilat, rantasauna paljuineen, sek\u00e4 ohjelmapalvelut kalastuksen, veneilyn ja kokkauksen parissa. Kaikki t\u00e4m\u00e4 j\u00e4rven rannalla, luonnonrauhan keskell\u00e4 ja vain 40 km Helsingist\u00e4.Artallin tilatVaraamme aina kaikki tilat kunkin ryhm\u00e4n yksityisk\u00e4ytt\u00f6\u00f6n!Artalli on kokonaisuus joka muodostuu n 3 hetaarin pihapiirist\u00e4 upeissa luonnorauhaisissa maisemissa, Viktr\u00e4sk j\u00e4rven rannalla Pikkalassa.Itse tilausravintola on vanhaan talliin entis\u00f6ity tila, jossa vanhat hirsisein\u00e4t ja takka luovat tunnelmaa ruokasaliin. Ruokasalin yhteydess\u00e4, kes\u00e4aikaan k\u00e4yt\u00e4nn\u00f6ss\u00e4 yhten\u00e4isen tilan muodostaa iso katettu terassi, josta avautuu upeat maisemat j\u00e4rvelle. Lis\u00e4ksi kivetetty ulkoterassi kalusteineen.Ylisten kokous- ja juhlatila muuntuu tilaisuuksien mukaan kokoustilasta, vaikka tanssilattiaksi ja baariksi illan viettoa varten.Rantasauna paljuineen on t\u00e4ysin luonnon ymp\u00e4r\u00f6im\u00e4 ja viereisill\u00e4 nurmikentill\u00e4 voi pelailla pihapelej\u00e4, joita l\u00f6ytyy runsaasti vieraidemme vapaaseen k\u00e4ytt\u00f6\u00f6n.Moneen taipuvat tilat toimivat loistavasti 10-20 hengen yritystapahtumiin, asiakastilaisuuksiin, kokous- ja virkistysp\u00e4iviin, jne.My\u00f6s isommat 20-50 hengen yritysjuhlat, sek\u00e4 h\u00e4\u00e4juhlat n 80 henkeen asti onnistuvat tiloissamme.Tilausravintola Artalli. Vain onnistuneita tilaisuuksia jo vuodesta 2004. Ota yhteytt\u00e4!","breadcrumb":{"@id":"https:\/\/www.artalli.fi\/artalli\/#breadcrumb"},"inLanguage":"en-US","potentialAction":[{"@type":"ReadAction","target":["https:\/\/www.artalli.fi\/artalli\/"]}]},{"@type":"ImageObject","inLanguage":"en-US","@id":"https:\/\/www.artalli.fi\/artalli\/#primaryimage","url":"https:\/\/www.artalli.fi\/artalli\/wp-content\/uploads\/2022\/09\/Artalli_photos_tilakuva.jpg","contentUrl":"https:\/\/www.artalli.fi\/artalli\/wp-content\/uploads\/2022\/09\/Artalli_photos_tilakuva.jpg","width":1920,"height":1078},{"@type":"BreadcrumbList","@id":"https:\/\/www.artalli.fi\/artalli\/#breadcrumb","itemListElement":[{"@type":"ListItem","position":1,"name":"Home","item":"https:\/\/www.artalli.fi\/artalli\/"},{"@type":"ListItem","position":2,"name":"Etusivu"}]},{"@type":"WebSite","@id":"https:\/\/www.artalli.fi\/artalli\/#website","url":"https:\/\/www.artalli.fi\/artalli\/","name":"Artalli","description":"Huikeat puiteet kokousp\u00e4iville ja muille yritystapahtumille!","publisher":{"@id":"https:\/\/www.artalli.fi\/artalli\/#organization"},"potentialAction":[{"@type":"SearchAction","target":{"@type":"EntryPoint","urlTemplate":"https:\/\/www.artalli.fi\/artalli\/?s={search_term_string}"},"query-input":{"@type":"PropertyValueSpecification","valueRequired":true,"valueName":"search_term_string"}}],"inLanguage":"en-US"},{"@type":"Organization","@id":"https:\/\/www.artalli.fi\/artalli\/#organization","name":"Artalli","url":"https:\/\/www.artalli.fi\/artalli\/","logo":{"@type":"ImageObject","inLanguage":"en-US","@id":"https:\/\/www.artalli.fi\/artalli\/#\/schema\/logo\/image\/","url":"https:\/\/www.artalli.fi\/artalli\/wp-content\/uploads\/2022\/09\/Artalli_logo.png","contentUrl":"https:\/\/www.artalli.fi\/artalli\/wp-content\/uploads\/2022\/09\/Artalli_logo.png","width":135,"height":55,"caption":"Artalli"},"image":{"@id":"https:\/\/www.artalli.fi\/artalli\/#\/schema\/logo\/image\/"},"sameAs":["https:\/\/www.facebook.com\/artalli.fi"]}]}},"_links":{"self":[{"href":"https:\/\/www.artalli.fi\/artalli\/wp-json\/wp\/v2\/pages\/8","targetHints":{"allow":["GET"]}}],"collection":[{"href":"https:\/\/www.artalli.fi\/artalli\/wp-json\/wp\/v2\/pages"}],"about":[{"href":"https:\/\/www.artalli.fi\/artalli\/wp-json\/wp\/v2\/types\/page"}],"author":[{"embeddable":true,"href":"https:\/\/www.artalli.fi\/artalli\/wp-json\/wp\/v2\/users\/1"}],"replies":[{"embeddable":true,"href":"https:\/\/www.artalli.fi\/artalli\/wp-json\/wp\/v2\/comments?post=8"}],"version-history":[{"count":5,"href":"https:\/\/www.artalli.fi\/artalli\/wp-json\/wp\/v2\/pages\/8\/revisions"}],"predecessor-version":[{"id":223,"href":"https:\/\/www.artalli.fi\/artalli\/wp-json\/wp\/v2\/pages\/8\/revisions\/223"}],"wp:attachment":[{"href":"https:\/\/www.artalli.fi\/artalli\/wp-json\/wp\/v2\/media?parent=8"}],"curies":[{"name":"wp","href":"https:\/\/api.w.org\/{rel}","templated":true}]}}