{"id":44,"date":"2022-08-22T19:31:50","date_gmt":"2022-08-22T19:31:50","guid":{"rendered":"https:\/\/www.artalli.fi\/artalli\/?page_id=44"},"modified":"2022-09-07T21:47:21","modified_gmt":"2022-09-07T18:47:21","slug":"artallin-tilat","status":"publish","type":"page","link":"https:\/\/www.artalli.fi\/artalli\/artallin-tilat\/","title":{"rendered":"Artallin tilat"},"content":{"rendered":"<h2><\/h2>\n<h2><strong>Artallin tilat<\/strong><\/h2>\n<p>Varaamme aina kaikki tilat kunkin ryhm\u00e4n yksityisk\u00e4ytt\u00f6\u00f6n!<br \/>\nArtalli on kokonaisuus joka muodostuu n 3 hetaarin pihapiirist\u00e4 upeissa luonnorauhaisissa maisemissa, Viktr\u00e4sk j\u00e4rven rannalla Pikkalassa.<\/p>\n<p>Itse tilausravintola on vanhaan talliin entis\u00f6ity tila, jossa vanhat hirsisein\u00e4t ja takka luovat tunnelmaa ruokasaliin. Ruokasalin yhteydess\u00e4, kes\u00e4aikaan k\u00e4yt\u00e4nn\u00f6ss\u00e4 yhten\u00e4isen tilan muodostaa iso katettu terassi, josta avautuu upeat maisemat j\u00e4rvelle. Lis\u00e4ksi kivetetty ulkoterassi kalusteineen.<br \/>\nYlisten kokous- ja juhlatila muuntuu tilaisuuksien mukaan kokoustilasta, vaikka tanssilattiaksi ja baariksi illan viettoa varten.<br \/>\nRantasauna paljuineen on t\u00e4ysin luonnon ymp\u00e4r\u00f6im\u00e4 ja viereisill\u00e4 nurmikentill\u00e4 voi pelailla pihapelej\u00e4, joita l\u00f6ytyy runsaasti vieraidemme vapaaseen k\u00e4ytt\u00f6\u00f6n.<br \/>\nMoneen taipuvat tilat toimivat loistavasti 10-20 hengen yritystapahtumiin, asiakastilaisuuksiin, kokous- ja virkistysp\u00e4iviin, jne.<br \/>\nMy\u00f6s isommat 20-50 hengen yritysjuhlat, sek\u00e4 h\u00e4\u00e4juhlat n 80 henkeen asti onnistuvat tiloissamme.<\/p>\n<h3><strong>Artallin tilat:<\/strong><\/h3>\n<div class=\"su-list\" style=\"margin-left:0px\">\n<ul>\n<h6>\n<li><i class=\"sui sui-star\" style=\"color:#3399ff\"><\/i> Ruokasali max 54 hl\u00f6 (takka, lattiala\u00e4mmitys ja 2 x ilmal\u00e4mp\u00f6pumppu + koneellinen ilmanvaihto)<\/li>\n<li><i class=\"sui sui-star\" style=\"color:#3399ff\"><\/i> Katettu terassi max 50 hl\u00f6 (l\u00e4mp\u00f6pumppu, koneellinen ilmanvaihto)<\/li>\n<li><i class=\"sui sui-star\" style=\"color:#3399ff\"><\/i> Kes\u00e4aikaan n\u00e4m\u00e4 yhdist\u00e4m\u00e4ll\u00e4 saadaan plaseerattua mukavasti max 80 hl\u00f6<\/li>\n<li><i class=\"sui sui-star\" style=\"color:#3399ff\"><\/i> Buffet tila, jossa noutop\u00f6yt\u00e4 tilaisuuksien tarjoiluiden mukaan<\/li>\n<li><i class=\"sui sui-star\" style=\"color:#3399ff\"><\/i> Eteinen &amp; eri\u00f6t 2 x WC, my\u00f6s liikuntarajoitteiset<\/li>\n<li><i class=\"sui sui-star\" style=\"color:#3399ff\"><\/i> Saliin \/ terassille saatavilla \u00e4\u00e4nentoisto + langaton mikrofoni, sek\u00e4 siirrett\u00e4v\u00e4 tykki &amp; kangas<\/li>\n<li><i class=\"sui sui-star\" style=\"color:#3399ff\"><\/i> WiFi toimii kaikkialla<\/li>\n<\/h6>\n<\/ul>\n<\/div>\n<h3><strong>Ylisten kokoustila \/ juhlatila:<\/strong><\/h3>\n<div class=\"su-list\" style=\"margin-left:0px\">\n<ul>\n<h6>\n<li><i class=\"sui sui-star\" style=\"color:#3399ff\"><\/i> U-p\u00f6yt\u00e4 max 24 hl\u00f6, luokkamuoto max 36, teatterimuoto max 50 hl\u00f6<\/li>\n<li><i class=\"sui sui-star\" style=\"color:#3399ff\"><\/i> Kokoustilassa tykki, kangas, fl\u00e4ppitaulu, \u00e4\u00e4nentoisto, WiFi<\/li>\n<li><i class=\"sui sui-star\" style=\"color:#3399ff\"><\/i> Tilat muunnettavissa juhlia varten, jolloin tanssitilaa, p\u00f6yt\u00e4ryhmi\u00e4 ja baari max n 80 hengelle<\/li>\n<li><i class=\"sui sui-star\" style=\"color:#3399ff\"><\/i> Rantasauna; vain yksi pukuhuone, tupla suihkut, l\u00f6ylytila max 8 hl\u00f6, paljut 2 x 6 hl\u00f6, uimalaituri n 20 m + toinen laituri 50 m<\/li>\n<li><i class=\"sui sui-star\" style=\"color:#3399ff\"><\/i> Hiukan porrastaen saadaan isompikin ryhm\u00e4 saunomaan. Enimmill\u00e4\u00e4n saunomassa on ollut jopa 50 henke\u00e4, osan saunoessa, osan istuessa paljuissa, sill\u00e4 v\u00e4lin toisten uidessa, pelaillessa pihapelej\u00e4, tai vain chillaillessa terasilla ja ranta-alueella<\/li>\n<li><i class=\"sui sui-star\" style=\"color:#3399ff\"><\/i> Saunalla \u00e4\u00e4nentoisto, j\u00e4\u00e4kaappi + siirett\u00e4v\u00e4\u00e4 kylm\u00e4s\u00e4ilytystilaa, PuuCee (Artallin WCt 30 m, joissa my\u00f6s f\u00f6\u00f6nit)<\/li>\n<li><i class=\"sui sui-star\" style=\"color:#3399ff\"><\/i> Saunalla on runsaasti pihapelej\u00e4 ja ymp\u00e4rill\u00e4 nurmikentti\u00e4 n\u00e4iden pelailuun mm. tikka, m\u00f6lkky, petanque, kroketti, sulkkis, lenttis, fudis, frisbee golf, jousiammunta, jne<\/li>\n<\/ul>\n<\/h6>\n<\/div>\n<p><img loading=\"lazy\" decoding=\"async\" class=\"alignnone wp-image-182\" src=\"https:\/\/www.artalli.fi\/artalli\/wp-content\/uploads\/2022\/09\/Artalli_photos_tilakuva.jpg\" alt=\"\" width=\"1000\" height=\"561\" srcset=\"https:\/\/www.artalli.fi\/artalli\/wp-content\/uploads\/2022\/09\/Artalli_photos_tilakuva.jpg 1920w, https:\/\/www.artalli.fi\/artalli\/wp-content\/uploads\/2022\/09\/Artalli_photos_tilakuva-300x168.jpg 300w, https:\/\/www.artalli.fi\/artalli\/wp-content\/uploads\/2022\/09\/Artalli_photos_tilakuva-1024x575.jpg 1024w, https:\/\/www.artalli.fi\/artalli\/wp-content\/uploads\/2022\/09\/Artalli_photos_tilakuva-768x431.jpg 768w, https:\/\/www.artalli.fi\/artalli\/wp-content\/uploads\/2022\/09\/Artalli_photos_tilakuva-1536x862.jpg 1536w\" sizes=\"auto, (max-width: 1000px) 100vw, 1000px\" \/><\/p>\n<h3><strong>Ajo-ohjeet:<\/strong><\/h3>\n<p>Helsingist\u00e4 l\u00e4nsiv\u00e4yl\u00e4\u00e4 tie 51, juuri ennen Pikkalan ABC asemaan oikealle KELA\/ It\u00e4inen kuninkaantie. Siit\u00e4 2 km ja k\u00e4\u00e4ntyy vasemmalle, hiekkatielle Sjunby 4 kyltin kohdalta. n 2 km ja kyltti oikealla Artalli. Pihapiiriin tultaessa j\u00e4rvi siint\u00e4\u00e4 ja t\u00e4m\u00e4n edustalla oleva vanha punainen tallirakennus on Artalli, keltaisen p\u00e4\u00e4rakennuksen kupeessa. Parkkitilaa my\u00f6s uuden punaisen hallin molemmin puolin pihapiiriin ajettaessa.<\/p>\n<p><span style=\"font-size: medium;\"><a href=\"https:\/\/artalli.fi\/artalli\/tarjouspyynto\/\">Ota yhteytt\u00e4<\/a>, niin kerromme lis\u00e4\u00e4 huikeista mahdollisuuksista.<\/span><\/p>\n<p><a href=\"https:\/\/www.artalli.fi\/artalli\/\">Takaisin etusivulle<\/a><\/p>\n","protected":false},"excerpt":{"rendered":"<p>Artallin tilat Varaamme aina kaikki tilat kunkin ryhm\u00e4n yksityisk\u00e4ytt\u00f6\u00f6n! Artalli on kokonaisuus joka muodostuu n 3 hetaarin pihapiirist\u00e4 upeissa luonnorauhaisissa &hellip; <a href=\"https:\/\/www.artalli.fi\/artalli\/artallin-tilat\/\" class=\"more-link\">Continue reading <span class=\"screen-reader-text\">Artallin tilat<\/span><\/a><\/p>\n","protected":false},"author":1,"featured_media":178,"parent":0,"menu_order":0,"comment_status":"closed","ping_status":"closed","template":"page-templates\/full-width.php","meta":{"_crdt_document":"","footnotes":""},"class_list":["post-44","page","type-page","status-publish","has-post-thumbnail","hentry"],"yoast_head":"<!-- This site is optimized with the Yoast SEO plugin v27.5 - https:\/\/yoast.com\/product\/yoast-seo-wordpress\/ -->\n<title>Artallin tilat - Artalli<\/title>\n<meta name=\"description\" content=\"Huikeat puiteet kokousp\u00e4iville ja muille yritystapahtumille. Vain 40 km Helsingist\u00e4 l\u00e4nteen sijaitsevassa Artallissa onnistuvat kaikki tarjoamamme palvelut kalastuksen, veneilyn ja kokkauksen parissa. Tulkaa vaikka puvut p\u00e4\u00e4ll\u00e4, niin me tarjoamme tarvittavan ulkoiluvaatetuksen, viemme teid\u00e4t kalaan, saunotamme ja tarjoamme herkkuja jotka viev\u00e4t kielen menness\u00e4\u00e4n. Tervetuloa Artallille viett\u00e4m\u00e4\u00e4n p\u00e4iv\u00e4 Vapaaherranel\u00e4m\u00e4\u00e4!\" \/>\n<meta name=\"robots\" content=\"index, follow, max-snippet:-1, max-image-preview:large, max-video-preview:-1\" \/>\n<link rel=\"canonical\" href=\"https:\/\/www.artalli.fi\/artalli\/artallin-tilat\/\" \/>\n<meta property=\"og:locale\" content=\"en_US\" \/>\n<meta property=\"og:type\" content=\"article\" \/>\n<meta property=\"og:title\" content=\"Artallin tilat - Artalli\" \/>\n<meta property=\"og:description\" content=\"Huikeat puiteet kokousp\u00e4iville ja muille yritystapahtumille. Vain 40 km Helsingist\u00e4 l\u00e4nteen sijaitsevassa Artallissa onnistuvat kaikki tarjoamamme palvelut kalastuksen, veneilyn ja kokkauksen parissa. Tulkaa vaikka puvut p\u00e4\u00e4ll\u00e4, niin me tarjoamme tarvittavan ulkoiluvaatetuksen, viemme teid\u00e4t kalaan, saunotamme ja tarjoamme herkkuja jotka viev\u00e4t kielen menness\u00e4\u00e4n. Tervetuloa Artallille viett\u00e4m\u00e4\u00e4n p\u00e4iv\u00e4 Vapaaherranel\u00e4m\u00e4\u00e4!\" \/>\n<meta property=\"og:url\" content=\"https:\/\/www.artalli.fi\/artalli\/artallin-tilat\/\" \/>\n<meta property=\"og:site_name\" content=\"Artalli\" \/>\n<meta property=\"article:publisher\" content=\"https:\/\/www.facebook.com\/artalli.fi\" \/>\n<meta property=\"article:modified_time\" content=\"2022-09-07T18:47:21+00:00\" \/>\n<meta property=\"og:image\" content=\"https:\/\/www.artalli.fi\/artalli\/wp-content\/uploads\/2022\/09\/Artalli_photos5.jpg\" \/>\n\t<meta property=\"og:image:width\" content=\"1111\" \/>\n\t<meta property=\"og:image:height\" content=\"226\" \/>\n\t<meta property=\"og:image:type\" content=\"image\/jpeg\" \/>\n<meta name=\"twitter:card\" content=\"summary_large_image\" \/>\n<meta name=\"twitter:label1\" content=\"Est. reading time\" \/>\n\t<meta name=\"twitter:data1\" content=\"2 minutes\" \/>\n<script type=\"application\/ld+json\" class=\"yoast-schema-graph\">{\"@context\":\"https:\\\/\\\/schema.org\",\"@graph\":[{\"@type\":\"WebPage\",\"@id\":\"https:\\\/\\\/www.artalli.fi\\\/artalli\\\/artallin-tilat\\\/\",\"url\":\"https:\\\/\\\/www.artalli.fi\\\/artalli\\\/artallin-tilat\\\/\",\"name\":\"Artallin tilat - Artalli\",\"isPartOf\":{\"@id\":\"https:\\\/\\\/www.artalli.fi\\\/artalli\\\/#website\"},\"primaryImageOfPage\":{\"@id\":\"https:\\\/\\\/www.artalli.fi\\\/artalli\\\/artallin-tilat\\\/#primaryimage\"},\"image\":{\"@id\":\"https:\\\/\\\/www.artalli.fi\\\/artalli\\\/artallin-tilat\\\/#primaryimage\"},\"thumbnailUrl\":\"https:\\\/\\\/www.artalli.fi\\\/artalli\\\/wp-content\\\/uploads\\\/2022\\\/09\\\/Artalli_photos5.jpg\",\"datePublished\":\"2022-08-22T19:31:50+00:00\",\"dateModified\":\"2022-09-07T18:47:21+00:00\",\"description\":\"Huikeat puiteet kokousp\u00e4iville ja muille yritystapahtumille. Vain 40 km Helsingist\u00e4 l\u00e4nteen sijaitsevassa Artallissa onnistuvat kaikki tarjoamamme palvelut kalastuksen, veneilyn ja kokkauksen parissa. Tulkaa vaikka puvut p\u00e4\u00e4ll\u00e4, niin me tarjoamme tarvittavan ulkoiluvaatetuksen, viemme teid\u00e4t kalaan, saunotamme ja tarjoamme herkkuja jotka viev\u00e4t kielen menness\u00e4\u00e4n. Tervetuloa Artallille viett\u00e4m\u00e4\u00e4n p\u00e4iv\u00e4 Vapaaherranel\u00e4m\u00e4\u00e4!\",\"breadcrumb\":{\"@id\":\"https:\\\/\\\/www.artalli.fi\\\/artalli\\\/artallin-tilat\\\/#breadcrumb\"},\"inLanguage\":\"en-US\",\"potentialAction\":[{\"@type\":\"ReadAction\",\"target\":[\"https:\\\/\\\/www.artalli.fi\\\/artalli\\\/artallin-tilat\\\/\"]}]},{\"@type\":\"ImageObject\",\"inLanguage\":\"en-US\",\"@id\":\"https:\\\/\\\/www.artalli.fi\\\/artalli\\\/artallin-tilat\\\/#primaryimage\",\"url\":\"https:\\\/\\\/www.artalli.fi\\\/artalli\\\/wp-content\\\/uploads\\\/2022\\\/09\\\/Artalli_photos5.jpg\",\"contentUrl\":\"https:\\\/\\\/www.artalli.fi\\\/artalli\\\/wp-content\\\/uploads\\\/2022\\\/09\\\/Artalli_photos5.jpg\",\"width\":1111,\"height\":226},{\"@type\":\"BreadcrumbList\",\"@id\":\"https:\\\/\\\/www.artalli.fi\\\/artalli\\\/artallin-tilat\\\/#breadcrumb\",\"itemListElement\":[{\"@type\":\"ListItem\",\"position\":1,\"name\":\"Home\",\"item\":\"https:\\\/\\\/www.artalli.fi\\\/artalli\\\/\"},{\"@type\":\"ListItem\",\"position\":2,\"name\":\"Artallin tilat\"}]},{\"@type\":\"WebSite\",\"@id\":\"https:\\\/\\\/www.artalli.fi\\\/artalli\\\/#website\",\"url\":\"https:\\\/\\\/www.artalli.fi\\\/artalli\\\/\",\"name\":\"Artalli\",\"description\":\"Huikeat puiteet kokousp\u00e4iville ja muille yritystapahtumille!\",\"publisher\":{\"@id\":\"https:\\\/\\\/www.artalli.fi\\\/artalli\\\/#organization\"},\"potentialAction\":[{\"@type\":\"SearchAction\",\"target\":{\"@type\":\"EntryPoint\",\"urlTemplate\":\"https:\\\/\\\/www.artalli.fi\\\/artalli\\\/?s={search_term_string}\"},\"query-input\":{\"@type\":\"PropertyValueSpecification\",\"valueRequired\":true,\"valueName\":\"search_term_string\"}}],\"inLanguage\":\"en-US\"},{\"@type\":\"Organization\",\"@id\":\"https:\\\/\\\/www.artalli.fi\\\/artalli\\\/#organization\",\"name\":\"Artalli\",\"url\":\"https:\\\/\\\/www.artalli.fi\\\/artalli\\\/\",\"logo\":{\"@type\":\"ImageObject\",\"inLanguage\":\"en-US\",\"@id\":\"https:\\\/\\\/www.artalli.fi\\\/artalli\\\/#\\\/schema\\\/logo\\\/image\\\/\",\"url\":\"https:\\\/\\\/www.artalli.fi\\\/artalli\\\/wp-content\\\/uploads\\\/2022\\\/09\\\/Artalli_logo.png\",\"contentUrl\":\"https:\\\/\\\/www.artalli.fi\\\/artalli\\\/wp-content\\\/uploads\\\/2022\\\/09\\\/Artalli_logo.png\",\"width\":135,\"height\":55,\"caption\":\"Artalli\"},\"image\":{\"@id\":\"https:\\\/\\\/www.artalli.fi\\\/artalli\\\/#\\\/schema\\\/logo\\\/image\\\/\"},\"sameAs\":[\"https:\\\/\\\/www.facebook.com\\\/artalli.fi\"]}]}<\/script>\n<!-- \/ Yoast SEO plugin. -->","yoast_head_json":{"title":"Artallin tilat - Artalli","description":"Huikeat puiteet kokousp\u00e4iville ja muille yritystapahtumille. Vain 40 km Helsingist\u00e4 l\u00e4nteen sijaitsevassa Artallissa onnistuvat kaikki tarjoamamme palvelut kalastuksen, veneilyn ja kokkauksen parissa. Tulkaa vaikka puvut p\u00e4\u00e4ll\u00e4, niin me tarjoamme tarvittavan ulkoiluvaatetuksen, viemme teid\u00e4t kalaan, saunotamme ja tarjoamme herkkuja jotka viev\u00e4t kielen menness\u00e4\u00e4n. Tervetuloa Artallille viett\u00e4m\u00e4\u00e4n p\u00e4iv\u00e4 Vapaaherranel\u00e4m\u00e4\u00e4!","robots":{"index":"index","follow":"follow","max-snippet":"max-snippet:-1","max-image-preview":"max-image-preview:large","max-video-preview":"max-video-preview:-1"},"canonical":"https:\/\/www.artalli.fi\/artalli\/artallin-tilat\/","og_locale":"en_US","og_type":"article","og_title":"Artallin tilat - Artalli","og_description":"Huikeat puiteet kokousp\u00e4iville ja muille yritystapahtumille. Vain 40 km Helsingist\u00e4 l\u00e4nteen sijaitsevassa Artallissa onnistuvat kaikki tarjoamamme palvelut kalastuksen, veneilyn ja kokkauksen parissa. Tulkaa vaikka puvut p\u00e4\u00e4ll\u00e4, niin me tarjoamme tarvittavan ulkoiluvaatetuksen, viemme teid\u00e4t kalaan, saunotamme ja tarjoamme herkkuja jotka viev\u00e4t kielen menness\u00e4\u00e4n. Tervetuloa Artallille viett\u00e4m\u00e4\u00e4n p\u00e4iv\u00e4 Vapaaherranel\u00e4m\u00e4\u00e4!","og_url":"https:\/\/www.artalli.fi\/artalli\/artallin-tilat\/","og_site_name":"Artalli","article_publisher":"https:\/\/www.facebook.com\/artalli.fi","article_modified_time":"2022-09-07T18:47:21+00:00","og_image":[{"width":1111,"height":226,"url":"https:\/\/www.artalli.fi\/artalli\/wp-content\/uploads\/2022\/09\/Artalli_photos5.jpg","type":"image\/jpeg"}],"twitter_card":"summary_large_image","twitter_misc":{"Est. reading time":"2 minutes"},"schema":{"@context":"https:\/\/schema.org","@graph":[{"@type":"WebPage","@id":"https:\/\/www.artalli.fi\/artalli\/artallin-tilat\/","url":"https:\/\/www.artalli.fi\/artalli\/artallin-tilat\/","name":"Artallin tilat - Artalli","isPartOf":{"@id":"https:\/\/www.artalli.fi\/artalli\/#website"},"primaryImageOfPage":{"@id":"https:\/\/www.artalli.fi\/artalli\/artallin-tilat\/#primaryimage"},"image":{"@id":"https:\/\/www.artalli.fi\/artalli\/artallin-tilat\/#primaryimage"},"thumbnailUrl":"https:\/\/www.artalli.fi\/artalli\/wp-content\/uploads\/2022\/09\/Artalli_photos5.jpg","datePublished":"2022-08-22T19:31:50+00:00","dateModified":"2022-09-07T18:47:21+00:00","description":"Huikeat puiteet kokousp\u00e4iville ja muille yritystapahtumille. Vain 40 km Helsingist\u00e4 l\u00e4nteen sijaitsevassa Artallissa onnistuvat kaikki tarjoamamme palvelut kalastuksen, veneilyn ja kokkauksen parissa. Tulkaa vaikka puvut p\u00e4\u00e4ll\u00e4, niin me tarjoamme tarvittavan ulkoiluvaatetuksen, viemme teid\u00e4t kalaan, saunotamme ja tarjoamme herkkuja jotka viev\u00e4t kielen menness\u00e4\u00e4n. Tervetuloa Artallille viett\u00e4m\u00e4\u00e4n p\u00e4iv\u00e4 Vapaaherranel\u00e4m\u00e4\u00e4!","breadcrumb":{"@id":"https:\/\/www.artalli.fi\/artalli\/artallin-tilat\/#breadcrumb"},"inLanguage":"en-US","potentialAction":[{"@type":"ReadAction","target":["https:\/\/www.artalli.fi\/artalli\/artallin-tilat\/"]}]},{"@type":"ImageObject","inLanguage":"en-US","@id":"https:\/\/www.artalli.fi\/artalli\/artallin-tilat\/#primaryimage","url":"https:\/\/www.artalli.fi\/artalli\/wp-content\/uploads\/2022\/09\/Artalli_photos5.jpg","contentUrl":"https:\/\/www.artalli.fi\/artalli\/wp-content\/uploads\/2022\/09\/Artalli_photos5.jpg","width":1111,"height":226},{"@type":"BreadcrumbList","@id":"https:\/\/www.artalli.fi\/artalli\/artallin-tilat\/#breadcrumb","itemListElement":[{"@type":"ListItem","position":1,"name":"Home","item":"https:\/\/www.artalli.fi\/artalli\/"},{"@type":"ListItem","position":2,"name":"Artallin tilat"}]},{"@type":"WebSite","@id":"https:\/\/www.artalli.fi\/artalli\/#website","url":"https:\/\/www.artalli.fi\/artalli\/","name":"Artalli","description":"Huikeat puiteet kokousp\u00e4iville ja muille yritystapahtumille!","publisher":{"@id":"https:\/\/www.artalli.fi\/artalli\/#organization"},"potentialAction":[{"@type":"SearchAction","target":{"@type":"EntryPoint","urlTemplate":"https:\/\/www.artalli.fi\/artalli\/?s={search_term_string}"},"query-input":{"@type":"PropertyValueSpecification","valueRequired":true,"valueName":"search_term_string"}}],"inLanguage":"en-US"},{"@type":"Organization","@id":"https:\/\/www.artalli.fi\/artalli\/#organization","name":"Artalli","url":"https:\/\/www.artalli.fi\/artalli\/","logo":{"@type":"ImageObject","inLanguage":"en-US","@id":"https:\/\/www.artalli.fi\/artalli\/#\/schema\/logo\/image\/","url":"https:\/\/www.artalli.fi\/artalli\/wp-content\/uploads\/2022\/09\/Artalli_logo.png","contentUrl":"https:\/\/www.artalli.fi\/artalli\/wp-content\/uploads\/2022\/09\/Artalli_logo.png","width":135,"height":55,"caption":"Artalli"},"image":{"@id":"https:\/\/www.artalli.fi\/artalli\/#\/schema\/logo\/image\/"},"sameAs":["https:\/\/www.facebook.com\/artalli.fi"]}]}},"_links":{"self":[{"href":"https:\/\/www.artalli.fi\/artalli\/wp-json\/wp\/v2\/pages\/44","targetHints":{"allow":["GET"]}}],"collection":[{"href":"https:\/\/www.artalli.fi\/artalli\/wp-json\/wp\/v2\/pages"}],"about":[{"href":"https:\/\/www.artalli.fi\/artalli\/wp-json\/wp\/v2\/types\/page"}],"author":[{"embeddable":true,"href":"https:\/\/www.artalli.fi\/artalli\/wp-json\/wp\/v2\/users\/1"}],"replies":[{"embeddable":true,"href":"https:\/\/www.artalli.fi\/artalli\/wp-json\/wp\/v2\/comments?post=44"}],"version-history":[{"count":5,"href":"https:\/\/www.artalli.fi\/artalli\/wp-json\/wp\/v2\/pages\/44\/revisions"}],"predecessor-version":[{"id":190,"href":"https:\/\/www.artalli.fi\/artalli\/wp-json\/wp\/v2\/pages\/44\/revisions\/190"}],"wp:featuredmedia":[{"embeddable":true,"href":"https:\/\/www.artalli.fi\/artalli\/wp-json\/wp\/v2\/media\/178"}],"wp:attachment":[{"href":"https:\/\/www.artalli.fi\/artalli\/wp-json\/wp\/v2\/media?parent=44"}],"curies":[{"name":"wp","href":"https:\/\/api.w.org\/{rel}","templated":true}]}}